{"id":1479,"date":"2021-05-05T08:50:11","date_gmt":"2021-05-05T06:50:11","guid":{"rendered":"https:\/\/parkerurbanflats.com\/contacto\/"},"modified":"2024-03-27T19:06:50","modified_gmt":"2024-03-27T18:06:50","slug":"contacto","status":"publish","type":"page","link":"https:\/\/parkerurbanflats.com\/fr\/contacto\/","title":{"rendered":"SITUATION ET CONTACT"},"content":{"rendered":"<p>Se loger chez Parker est synonyme de proximit\u00e9 et de confort, que vous soyez en voyage d\u2019affaires ou en vacances. Ses appartements sont parfaitement desservis gr\u00e2ce \u00e0 son emplacement au centre de Valence. \u00c0 seulement 10 minutes de la plaza del Ayuntamiento et \u00e0 200m de la station de m\u00e9tro Angel Guimer\u00e1 qui permet d\u2019arriver \u00e0 n\u2019importe quel point de la ville.<\/p>\n","protected":false},"excerpt":{"rendered":"<p>Se loger chez Parker est synonyme de proximit\u00e9 et de confort, que vous soyez en voyage d\u2019affaires ou en vacances. Ses appartements sont parfaitement desservis gr\u00e2ce \u00e0 son emplacement au centre de Valence. \u00c0 seulement 10 minutes de la plaza del Ayuntamiento et \u00e0 200m de la station de m\u00e9tro Angel Guimer\u00e1 qui permet d\u2019arriver [&hellip;]<\/p>\n","protected":false},"author":1,"featured_media":0,"parent":0,"menu_order":5,"comment_status":"closed","ping_status":"closed","template":"template-contacto.php","meta":{"inline_featured_image":false,"footnotes":""},"class_list":["post-1479","page","type-page","status-publish","hentry"],"yoast_head":"<!-- This site is optimized with the Yoast SEO plugin v26.9 - https:\/\/yoast.com\/product\/yoast-seo-wordpress\/ -->\n<title>SITUATION ET CONTACT - PARKER<\/title>\n<meta name=\"robots\" content=\"index, follow, max-snippet:-1, max-image-preview:large, max-video-preview:-1\" \/>\n<link rel=\"canonical\" href=\"https:\/\/parkerurbanflats.com\/fr\/contacto\/\" \/>\n<meta property=\"og:locale\" content=\"fr_FR\" \/>\n<meta property=\"og:type\" content=\"article\" \/>\n<meta property=\"og:title\" content=\"SITUATION ET CONTACT - PARKER\" \/>\n<meta property=\"og:description\" content=\"Se loger chez Parker est synonyme de proximit\u00e9 et de confort, que vous soyez en voyage d\u2019affaires ou en vacances. Ses appartements sont parfaitement desservis gr\u00e2ce \u00e0 son emplacement au centre de Valence. \u00c0 seulement 10 minutes de la plaza del Ayuntamiento et \u00e0 200m de la station de m\u00e9tro Angel Guimer\u00e1 qui permet d\u2019arriver [&hellip;]\" \/>\n<meta property=\"og:url\" content=\"https:\/\/parkerurbanflats.com\/fr\/contacto\/\" \/>\n<meta property=\"og:site_name\" content=\"PARKER\" \/>\n<meta property=\"article:modified_time\" content=\"2024-03-27T18:06:50+00:00\" \/>\n<meta name=\"twitter:card\" content=\"summary_large_image\" \/>\n<meta name=\"twitter:label1\" content=\"Dur\u00e9e de lecture estim\u00e9e\" \/>\n\t<meta name=\"twitter:data1\" content=\"1 minute\" \/>\n<script type=\"application\/ld+json\" class=\"yoast-schema-graph\">{\"@context\":\"https:\/\/schema.org\",\"@graph\":[{\"@type\":\"WebPage\",\"@id\":\"https:\/\/parkerurbanflats.com\/fr\/contacto\/\",\"url\":\"https:\/\/parkerurbanflats.com\/fr\/contacto\/\",\"name\":\"SITUATION ET CONTACT - PARKER\",\"isPartOf\":{\"@id\":\"https:\/\/parkerurbanflats.com\/fr\/#website\"},\"datePublished\":\"2021-05-05T06:50:11+00:00\",\"dateModified\":\"2024-03-27T18:06:50+00:00\",\"breadcrumb\":{\"@id\":\"https:\/\/parkerurbanflats.com\/fr\/contacto\/#breadcrumb\"},\"inLanguage\":\"fr-FR\",\"potentialAction\":[{\"@type\":\"ReadAction\",\"target\":[\"https:\/\/parkerurbanflats.com\/fr\/contacto\/\"]}]},{\"@type\":\"BreadcrumbList\",\"@id\":\"https:\/\/parkerurbanflats.com\/fr\/contacto\/#breadcrumb\",\"itemListElement\":[{\"@type\":\"ListItem\",\"position\":1,\"name\":\"Portada\",\"item\":\"https:\/\/parkerurbanflats.com\/fr\/\"},{\"@type\":\"ListItem\",\"position\":2,\"name\":\"SITUATION ET CONTACT\"}]},{\"@type\":\"WebSite\",\"@id\":\"https:\/\/parkerurbanflats.com\/fr\/#website\",\"url\":\"https:\/\/parkerurbanflats.com\/fr\/\",\"name\":\"PARKER\",\"description\":\"The Urban Flats\",\"potentialAction\":[{\"@type\":\"SearchAction\",\"target\":{\"@type\":\"EntryPoint\",\"urlTemplate\":\"https:\/\/parkerurbanflats.com\/fr\/?s={search_term_string}\"},\"query-input\":{\"@type\":\"PropertyValueSpecification\",\"valueRequired\":true,\"valueName\":\"search_term_string\"}}],\"inLanguage\":\"fr-FR\"}]}<\/script>\n<!-- \/ Yoast SEO plugin. -->","yoast_head_json":{"title":"SITUATION ET CONTACT - PARKER","robots":{"index":"index","follow":"follow","max-snippet":"max-snippet:-1","max-image-preview":"max-image-preview:large","max-video-preview":"max-video-preview:-1"},"canonical":"https:\/\/parkerurbanflats.com\/fr\/contacto\/","og_locale":"fr_FR","og_type":"article","og_title":"SITUATION ET CONTACT - PARKER","og_description":"Se loger chez Parker est synonyme de proximit\u00e9 et de confort, que vous soyez en voyage d\u2019affaires ou en vacances. Ses appartements sont parfaitement desservis gr\u00e2ce \u00e0 son emplacement au centre de Valence. \u00c0 seulement 10 minutes de la plaza del Ayuntamiento et \u00e0 200m de la station de m\u00e9tro Angel Guimer\u00e1 qui permet d\u2019arriver [&hellip;]","og_url":"https:\/\/parkerurbanflats.com\/fr\/contacto\/","og_site_name":"PARKER","article_modified_time":"2024-03-27T18:06:50+00:00","twitter_card":"summary_large_image","twitter_misc":{"Dur\u00e9e de lecture estim\u00e9e":"1 minute"},"schema":{"@context":"https:\/\/schema.org","@graph":[{"@type":"WebPage","@id":"https:\/\/parkerurbanflats.com\/fr\/contacto\/","url":"https:\/\/parkerurbanflats.com\/fr\/contacto\/","name":"SITUATION ET CONTACT - PARKER","isPartOf":{"@id":"https:\/\/parkerurbanflats.com\/fr\/#website"},"datePublished":"2021-05-05T06:50:11+00:00","dateModified":"2024-03-27T18:06:50+00:00","breadcrumb":{"@id":"https:\/\/parkerurbanflats.com\/fr\/contacto\/#breadcrumb"},"inLanguage":"fr-FR","potentialAction":[{"@type":"ReadAction","target":["https:\/\/parkerurbanflats.com\/fr\/contacto\/"]}]},{"@type":"BreadcrumbList","@id":"https:\/\/parkerurbanflats.com\/fr\/contacto\/#breadcrumb","itemListElement":[{"@type":"ListItem","position":1,"name":"Portada","item":"https:\/\/parkerurbanflats.com\/fr\/"},{"@type":"ListItem","position":2,"name":"SITUATION ET CONTACT"}]},{"@type":"WebSite","@id":"https:\/\/parkerurbanflats.com\/fr\/#website","url":"https:\/\/parkerurbanflats.com\/fr\/","name":"PARKER","description":"The Urban Flats","potentialAction":[{"@type":"SearchAction","target":{"@type":"EntryPoint","urlTemplate":"https:\/\/parkerurbanflats.com\/fr\/?s={search_term_string}"},"query-input":{"@type":"PropertyValueSpecification","valueRequired":true,"valueName":"search_term_string"}}],"inLanguage":"fr-FR"}]}},"_links":{"self":[{"href":"https:\/\/parkerurbanflats.com\/fr\/wp-json\/wp\/v2\/pages\/1479","targetHints":{"allow":["GET"]}}],"collection":[{"href":"https:\/\/parkerurbanflats.com\/fr\/wp-json\/wp\/v2\/pages"}],"about":[{"href":"https:\/\/parkerurbanflats.com\/fr\/wp-json\/wp\/v2\/types\/page"}],"author":[{"embeddable":true,"href":"https:\/\/parkerurbanflats.com\/fr\/wp-json\/wp\/v2\/users\/1"}],"replies":[{"embeddable":true,"href":"https:\/\/parkerurbanflats.com\/fr\/wp-json\/wp\/v2\/comments?post=1479"}],"version-history":[{"count":3,"href":"https:\/\/parkerurbanflats.com\/fr\/wp-json\/wp\/v2\/pages\/1479\/revisions"}],"predecessor-version":[{"id":1482,"href":"https:\/\/parkerurbanflats.com\/fr\/wp-json\/wp\/v2\/pages\/1479\/revisions\/1482"}],"wp:attachment":[{"href":"https:\/\/parkerurbanflats.com\/fr\/wp-json\/wp\/v2\/media?parent=1479"}],"curies":[{"name":"wp","href":"https:\/\/api.w.org\/{rel}","templated":true}]}}