{"id":1476,"date":"2021-05-07T12:36:16","date_gmt":"2021-05-07T10:36:16","guid":{"rendered":"https:\/\/parkerurbanflats.com\/servicios\/"},"modified":"2025-12-22T14:03:47","modified_gmt":"2025-12-22T13:03:47","slug":"servicios","status":"publish","type":"page","link":"https:\/\/parkerurbanflats.com\/fr\/servicios\/","title":{"rendered":"SERVICES"},"content":{"rendered":"<h3>La mission de Parker est de vous faire sentir comme chez vous. Pour cela, nous disponsons d\u2019une multitude de services qui feront de votre s\u00e9jour, une exp\u00e9rience unique. Cependant, si vous avez des besoins sp\u00e9cifiques, n\u2019h\u00e9sitez pas \u00e0 nous contacter pour que nous puissions vous aider.<\/h3>\n","protected":false},"excerpt":{"rendered":"<p>La mission de Parker est de vous faire sentir comme chez vous. Pour cela, nous disponsons d\u2019une multitude de services qui feront de votre s\u00e9jour, une exp\u00e9rience unique. Cependant, si vous avez des besoins sp\u00e9cifiques, n\u2019h\u00e9sitez pas \u00e0 nous contacter pour que nous puissions vous aider.<\/p>\n","protected":false},"author":1,"featured_media":2003,"parent":0,"menu_order":4,"comment_status":"closed","ping_status":"closed","template":"template-servicios.php","meta":{"inline_featured_image":false,"footnotes":""},"class_list":["post-1476","page","type-page","status-publish","has-post-thumbnail","hentry"],"yoast_head":"<!-- This site is optimized with the Yoast SEO plugin v26.9 - https:\/\/yoast.com\/product\/yoast-seo-wordpress\/ -->\n<title>SERVICES - PARKER<\/title>\n<meta name=\"robots\" content=\"index, follow, max-snippet:-1, max-image-preview:large, max-video-preview:-1\" \/>\n<link rel=\"canonical\" href=\"https:\/\/parkerurbanflats.com\/fr\/servicios\/\" \/>\n<meta property=\"og:locale\" content=\"fr_FR\" \/>\n<meta property=\"og:type\" content=\"article\" \/>\n<meta property=\"og:title\" content=\"SERVICES - PARKER\" \/>\n<meta property=\"og:description\" content=\"La mission de Parker est de vous faire sentir comme chez vous. Pour cela, nous disponsons d\u2019une multitude de services qui feront de votre s\u00e9jour, une exp\u00e9rience unique. Cependant, si vous avez des besoins sp\u00e9cifiques, n\u2019h\u00e9sitez pas \u00e0 nous contacter pour que nous puissions vous aider.\" \/>\n<meta property=\"og:url\" content=\"https:\/\/parkerurbanflats.com\/fr\/servicios\/\" \/>\n<meta property=\"og:site_name\" content=\"PARKER\" \/>\n<meta property=\"article:modified_time\" content=\"2025-12-22T13:03:47+00:00\" \/>\n<meta property=\"og:image\" content=\"https:\/\/parkerurbanflats.com\/wp-content\/uploads\/2023\/05\/2023-04-19-Parker36486.jpg\" \/>\n\t<meta property=\"og:image:width\" content=\"1170\" \/>\n\t<meta property=\"og:image:height\" content=\"490\" \/>\n\t<meta property=\"og:image:type\" content=\"image\/jpeg\" \/>\n<meta name=\"twitter:card\" content=\"summary_large_image\" \/>\n<meta name=\"twitter:label1\" content=\"Dur\u00e9e de lecture estim\u00e9e\" \/>\n\t<meta name=\"twitter:data1\" content=\"1 minute\" \/>\n<script type=\"application\/ld+json\" class=\"yoast-schema-graph\">{\"@context\":\"https:\/\/schema.org\",\"@graph\":[{\"@type\":\"WebPage\",\"@id\":\"https:\/\/parkerurbanflats.com\/fr\/servicios\/\",\"url\":\"https:\/\/parkerurbanflats.com\/fr\/servicios\/\",\"name\":\"SERVICES - PARKER\",\"isPartOf\":{\"@id\":\"https:\/\/parkerurbanflats.com\/fr\/#website\"},\"primaryImageOfPage\":{\"@id\":\"https:\/\/parkerurbanflats.com\/fr\/servicios\/#primaryimage\"},\"image\":{\"@id\":\"https:\/\/parkerurbanflats.com\/fr\/servicios\/#primaryimage\"},\"thumbnailUrl\":\"https:\/\/parkerurbanflats.com\/wp-content\/uploads\/2023\/05\/2023-04-19-Parker36486.jpg\",\"datePublished\":\"2021-05-07T10:36:16+00:00\",\"dateModified\":\"2025-12-22T13:03:47+00:00\",\"breadcrumb\":{\"@id\":\"https:\/\/parkerurbanflats.com\/fr\/servicios\/#breadcrumb\"},\"inLanguage\":\"fr-FR\",\"potentialAction\":[{\"@type\":\"ReadAction\",\"target\":[\"https:\/\/parkerurbanflats.com\/fr\/servicios\/\"]}]},{\"@type\":\"ImageObject\",\"inLanguage\":\"fr-FR\",\"@id\":\"https:\/\/parkerurbanflats.com\/fr\/servicios\/#primaryimage\",\"url\":\"https:\/\/parkerurbanflats.com\/wp-content\/uploads\/2023\/05\/2023-04-19-Parker36486.jpg\",\"contentUrl\":\"https:\/\/parkerurbanflats.com\/wp-content\/uploads\/2023\/05\/2023-04-19-Parker36486.jpg\",\"width\":1170,\"height\":490},{\"@type\":\"BreadcrumbList\",\"@id\":\"https:\/\/parkerurbanflats.com\/fr\/servicios\/#breadcrumb\",\"itemListElement\":[{\"@type\":\"ListItem\",\"position\":1,\"name\":\"Portada\",\"item\":\"https:\/\/parkerurbanflats.com\/fr\/\"},{\"@type\":\"ListItem\",\"position\":2,\"name\":\"SERVICES\"}]},{\"@type\":\"WebSite\",\"@id\":\"https:\/\/parkerurbanflats.com\/fr\/#website\",\"url\":\"https:\/\/parkerurbanflats.com\/fr\/\",\"name\":\"PARKER\",\"description\":\"The Urban Flats\",\"potentialAction\":[{\"@type\":\"SearchAction\",\"target\":{\"@type\":\"EntryPoint\",\"urlTemplate\":\"https:\/\/parkerurbanflats.com\/fr\/?s={search_term_string}\"},\"query-input\":{\"@type\":\"PropertyValueSpecification\",\"valueRequired\":true,\"valueName\":\"search_term_string\"}}],\"inLanguage\":\"fr-FR\"}]}<\/script>\n<!-- \/ Yoast SEO plugin. -->","yoast_head_json":{"title":"SERVICES - PARKER","robots":{"index":"index","follow":"follow","max-snippet":"max-snippet:-1","max-image-preview":"max-image-preview:large","max-video-preview":"max-video-preview:-1"},"canonical":"https:\/\/parkerurbanflats.com\/fr\/servicios\/","og_locale":"fr_FR","og_type":"article","og_title":"SERVICES - PARKER","og_description":"La mission de Parker est de vous faire sentir comme chez vous. Pour cela, nous disponsons d\u2019une multitude de services qui feront de votre s\u00e9jour, une exp\u00e9rience unique. Cependant, si vous avez des besoins sp\u00e9cifiques, n\u2019h\u00e9sitez pas \u00e0 nous contacter pour que nous puissions vous aider.","og_url":"https:\/\/parkerurbanflats.com\/fr\/servicios\/","og_site_name":"PARKER","article_modified_time":"2025-12-22T13:03:47+00:00","og_image":[{"width":1170,"height":490,"url":"https:\/\/parkerurbanflats.com\/wp-content\/uploads\/2023\/05\/2023-04-19-Parker36486.jpg","type":"image\/jpeg"}],"twitter_card":"summary_large_image","twitter_misc":{"Dur\u00e9e de lecture estim\u00e9e":"1 minute"},"schema":{"@context":"https:\/\/schema.org","@graph":[{"@type":"WebPage","@id":"https:\/\/parkerurbanflats.com\/fr\/servicios\/","url":"https:\/\/parkerurbanflats.com\/fr\/servicios\/","name":"SERVICES - PARKER","isPartOf":{"@id":"https:\/\/parkerurbanflats.com\/fr\/#website"},"primaryImageOfPage":{"@id":"https:\/\/parkerurbanflats.com\/fr\/servicios\/#primaryimage"},"image":{"@id":"https:\/\/parkerurbanflats.com\/fr\/servicios\/#primaryimage"},"thumbnailUrl":"https:\/\/parkerurbanflats.com\/wp-content\/uploads\/2023\/05\/2023-04-19-Parker36486.jpg","datePublished":"2021-05-07T10:36:16+00:00","dateModified":"2025-12-22T13:03:47+00:00","breadcrumb":{"@id":"https:\/\/parkerurbanflats.com\/fr\/servicios\/#breadcrumb"},"inLanguage":"fr-FR","potentialAction":[{"@type":"ReadAction","target":["https:\/\/parkerurbanflats.com\/fr\/servicios\/"]}]},{"@type":"ImageObject","inLanguage":"fr-FR","@id":"https:\/\/parkerurbanflats.com\/fr\/servicios\/#primaryimage","url":"https:\/\/parkerurbanflats.com\/wp-content\/uploads\/2023\/05\/2023-04-19-Parker36486.jpg","contentUrl":"https:\/\/parkerurbanflats.com\/wp-content\/uploads\/2023\/05\/2023-04-19-Parker36486.jpg","width":1170,"height":490},{"@type":"BreadcrumbList","@id":"https:\/\/parkerurbanflats.com\/fr\/servicios\/#breadcrumb","itemListElement":[{"@type":"ListItem","position":1,"name":"Portada","item":"https:\/\/parkerurbanflats.com\/fr\/"},{"@type":"ListItem","position":2,"name":"SERVICES"}]},{"@type":"WebSite","@id":"https:\/\/parkerurbanflats.com\/fr\/#website","url":"https:\/\/parkerurbanflats.com\/fr\/","name":"PARKER","description":"The Urban Flats","potentialAction":[{"@type":"SearchAction","target":{"@type":"EntryPoint","urlTemplate":"https:\/\/parkerurbanflats.com\/fr\/?s={search_term_string}"},"query-input":{"@type":"PropertyValueSpecification","valueRequired":true,"valueName":"search_term_string"}}],"inLanguage":"fr-FR"}]}},"_links":{"self":[{"href":"https:\/\/parkerurbanflats.com\/fr\/wp-json\/wp\/v2\/pages\/1476","targetHints":{"allow":["GET"]}}],"collection":[{"href":"https:\/\/parkerurbanflats.com\/fr\/wp-json\/wp\/v2\/pages"}],"about":[{"href":"https:\/\/parkerurbanflats.com\/fr\/wp-json\/wp\/v2\/types\/page"}],"author":[{"embeddable":true,"href":"https:\/\/parkerurbanflats.com\/fr\/wp-json\/wp\/v2\/users\/1"}],"replies":[{"embeddable":true,"href":"https:\/\/parkerurbanflats.com\/fr\/wp-json\/wp\/v2\/comments?post=1476"}],"version-history":[{"count":2,"href":"https:\/\/parkerurbanflats.com\/fr\/wp-json\/wp\/v2\/pages\/1476\/revisions"}],"predecessor-version":[{"id":1478,"href":"https:\/\/parkerurbanflats.com\/fr\/wp-json\/wp\/v2\/pages\/1476\/revisions\/1478"}],"wp:featuredmedia":[{"embeddable":true,"href":"https:\/\/parkerurbanflats.com\/fr\/wp-json\/wp\/v2\/media\/2003"}],"wp:attachment":[{"href":"https:\/\/parkerurbanflats.com\/fr\/wp-json\/wp\/v2\/media?parent=1476"}],"curies":[{"name":"wp","href":"https:\/\/api.w.org\/{rel}","templated":true}]}}