{"id":1474,"date":"2021-05-07T09:31:05","date_gmt":"2021-05-07T07:31:05","guid":{"rendered":"https:\/\/parkerurbanflats.com\/apartamentos\/"},"modified":"2022-03-31T16:39:30","modified_gmt":"2022-03-31T14:39:30","slug":"apartamentos","status":"publish","type":"page","link":"https:\/\/parkerurbanflats.com\/fr\/apartamentos\/","title":{"rendered":"APPARTEMENTS"},"content":{"rendered":"<p>PARKER, THE URBAN FLATS: 46 appartements, parfaitement \u00e9quip\u00e9s, b\u00e9n\u00e9ficiant d\u2019un emplacement privil\u00e9gi\u00e9 dans le centre de Valence et esth\u00e9tiquement sobres et \u00e9l\u00e9gants. Nous disposons de quatre types d\u2019appartements, de diff\u00e9rentes tailles qui s\u2019adaptent aux besoins de chaque voyageur.<\/p>\n","protected":false},"excerpt":{"rendered":"<p>PARKER, THE URBAN FLATS: 46 appartements, parfaitement \u00e9quip\u00e9s, b\u00e9n\u00e9ficiant d\u2019un emplacement privil\u00e9gi\u00e9 dans le centre de Valence et esth\u00e9tiquement sobres et \u00e9l\u00e9gants. Nous disposons de quatre types d\u2019appartements, de diff\u00e9rentes tailles qui s\u2019adaptent aux besoins de chaque voyageur.<\/p>\n","protected":false},"author":1,"featured_media":944,"parent":0,"menu_order":2,"comment_status":"closed","ping_status":"closed","template":"template-apartamentos.php","meta":{"inline_featured_image":false,"footnotes":""},"class_list":["post-1474","page","type-page","status-publish","has-post-thumbnail","hentry"],"yoast_head":"<!-- This site is optimized with the Yoast SEO plugin v26.9 - https:\/\/yoast.com\/product\/yoast-seo-wordpress\/ -->\n<title>APPARTEMENTS - PARKER<\/title>\n<meta name=\"robots\" content=\"index, follow, max-snippet:-1, max-image-preview:large, max-video-preview:-1\" \/>\n<link rel=\"canonical\" href=\"https:\/\/parkerurbanflats.com\/fr\/apartamentos\/\" \/>\n<meta property=\"og:locale\" content=\"fr_FR\" \/>\n<meta property=\"og:type\" content=\"article\" \/>\n<meta property=\"og:title\" content=\"APPARTEMENTS - PARKER\" \/>\n<meta property=\"og:description\" content=\"PARKER, THE URBAN FLATS: 46 appartements, parfaitement \u00e9quip\u00e9s, b\u00e9n\u00e9ficiant d\u2019un emplacement privil\u00e9gi\u00e9 dans le centre de Valence et esth\u00e9tiquement sobres et \u00e9l\u00e9gants. Nous disposons de quatre types d\u2019appartements, de diff\u00e9rentes tailles qui s\u2019adaptent aux besoins de chaque voyageur.\" \/>\n<meta property=\"og:url\" content=\"https:\/\/parkerurbanflats.com\/fr\/apartamentos\/\" \/>\n<meta property=\"og:site_name\" content=\"PARKER\" \/>\n<meta property=\"article:modified_time\" content=\"2022-03-31T14:39:30+00:00\" \/>\n<meta property=\"og:image\" content=\"https:\/\/parkerurbanflats.com\/wp-content\/uploads\/2021\/06\/PARKER-APARTAMENTOS-PORTADA.jpg\" \/>\n\t<meta property=\"og:image:width\" content=\"1170\" \/>\n\t<meta property=\"og:image:height\" content=\"490\" \/>\n\t<meta property=\"og:image:type\" content=\"image\/jpeg\" \/>\n<meta name=\"twitter:card\" content=\"summary_large_image\" \/>\n<meta name=\"twitter:label1\" content=\"Dur\u00e9e de lecture estim\u00e9e\" \/>\n\t<meta name=\"twitter:data1\" content=\"1 minute\" \/>\n<script type=\"application\/ld+json\" class=\"yoast-schema-graph\">{\"@context\":\"https:\/\/schema.org\",\"@graph\":[{\"@type\":\"WebPage\",\"@id\":\"https:\/\/parkerurbanflats.com\/fr\/apartamentos\/\",\"url\":\"https:\/\/parkerurbanflats.com\/fr\/apartamentos\/\",\"name\":\"APPARTEMENTS - PARKER\",\"isPartOf\":{\"@id\":\"https:\/\/parkerurbanflats.com\/fr\/#website\"},\"primaryImageOfPage\":{\"@id\":\"https:\/\/parkerurbanflats.com\/fr\/apartamentos\/#primaryimage\"},\"image\":{\"@id\":\"https:\/\/parkerurbanflats.com\/fr\/apartamentos\/#primaryimage\"},\"thumbnailUrl\":\"https:\/\/parkerurbanflats.com\/wp-content\/uploads\/2021\/06\/PARKER-APARTAMENTOS-PORTADA.jpg\",\"datePublished\":\"2021-05-07T07:31:05+00:00\",\"dateModified\":\"2022-03-31T14:39:30+00:00\",\"breadcrumb\":{\"@id\":\"https:\/\/parkerurbanflats.com\/fr\/apartamentos\/#breadcrumb\"},\"inLanguage\":\"fr-FR\",\"potentialAction\":[{\"@type\":\"ReadAction\",\"target\":[\"https:\/\/parkerurbanflats.com\/fr\/apartamentos\/\"]}]},{\"@type\":\"ImageObject\",\"inLanguage\":\"fr-FR\",\"@id\":\"https:\/\/parkerurbanflats.com\/fr\/apartamentos\/#primaryimage\",\"url\":\"https:\/\/parkerurbanflats.com\/wp-content\/uploads\/2021\/06\/PARKER-APARTAMENTOS-PORTADA.jpg\",\"contentUrl\":\"https:\/\/parkerurbanflats.com\/wp-content\/uploads\/2021\/06\/PARKER-APARTAMENTOS-PORTADA.jpg\",\"width\":1170,\"height\":490},{\"@type\":\"BreadcrumbList\",\"@id\":\"https:\/\/parkerurbanflats.com\/fr\/apartamentos\/#breadcrumb\",\"itemListElement\":[{\"@type\":\"ListItem\",\"position\":1,\"name\":\"Portada\",\"item\":\"https:\/\/parkerurbanflats.com\/fr\/\"},{\"@type\":\"ListItem\",\"position\":2,\"name\":\"APPARTEMENTS\"}]},{\"@type\":\"WebSite\",\"@id\":\"https:\/\/parkerurbanflats.com\/fr\/#website\",\"url\":\"https:\/\/parkerurbanflats.com\/fr\/\",\"name\":\"PARKER\",\"description\":\"The Urban Flats\",\"potentialAction\":[{\"@type\":\"SearchAction\",\"target\":{\"@type\":\"EntryPoint\",\"urlTemplate\":\"https:\/\/parkerurbanflats.com\/fr\/?s={search_term_string}\"},\"query-input\":{\"@type\":\"PropertyValueSpecification\",\"valueRequired\":true,\"valueName\":\"search_term_string\"}}],\"inLanguage\":\"fr-FR\"}]}<\/script>\n<!-- \/ Yoast SEO plugin. -->","yoast_head_json":{"title":"APPARTEMENTS - PARKER","robots":{"index":"index","follow":"follow","max-snippet":"max-snippet:-1","max-image-preview":"max-image-preview:large","max-video-preview":"max-video-preview:-1"},"canonical":"https:\/\/parkerurbanflats.com\/fr\/apartamentos\/","og_locale":"fr_FR","og_type":"article","og_title":"APPARTEMENTS - PARKER","og_description":"PARKER, THE URBAN FLATS: 46 appartements, parfaitement \u00e9quip\u00e9s, b\u00e9n\u00e9ficiant d\u2019un emplacement privil\u00e9gi\u00e9 dans le centre de Valence et esth\u00e9tiquement sobres et \u00e9l\u00e9gants. Nous disposons de quatre types d\u2019appartements, de diff\u00e9rentes tailles qui s\u2019adaptent aux besoins de chaque voyageur.","og_url":"https:\/\/parkerurbanflats.com\/fr\/apartamentos\/","og_site_name":"PARKER","article_modified_time":"2022-03-31T14:39:30+00:00","og_image":[{"width":1170,"height":490,"url":"https:\/\/parkerurbanflats.com\/wp-content\/uploads\/2021\/06\/PARKER-APARTAMENTOS-PORTADA.jpg","type":"image\/jpeg"}],"twitter_card":"summary_large_image","twitter_misc":{"Dur\u00e9e de lecture estim\u00e9e":"1 minute"},"schema":{"@context":"https:\/\/schema.org","@graph":[{"@type":"WebPage","@id":"https:\/\/parkerurbanflats.com\/fr\/apartamentos\/","url":"https:\/\/parkerurbanflats.com\/fr\/apartamentos\/","name":"APPARTEMENTS - PARKER","isPartOf":{"@id":"https:\/\/parkerurbanflats.com\/fr\/#website"},"primaryImageOfPage":{"@id":"https:\/\/parkerurbanflats.com\/fr\/apartamentos\/#primaryimage"},"image":{"@id":"https:\/\/parkerurbanflats.com\/fr\/apartamentos\/#primaryimage"},"thumbnailUrl":"https:\/\/parkerurbanflats.com\/wp-content\/uploads\/2021\/06\/PARKER-APARTAMENTOS-PORTADA.jpg","datePublished":"2021-05-07T07:31:05+00:00","dateModified":"2022-03-31T14:39:30+00:00","breadcrumb":{"@id":"https:\/\/parkerurbanflats.com\/fr\/apartamentos\/#breadcrumb"},"inLanguage":"fr-FR","potentialAction":[{"@type":"ReadAction","target":["https:\/\/parkerurbanflats.com\/fr\/apartamentos\/"]}]},{"@type":"ImageObject","inLanguage":"fr-FR","@id":"https:\/\/parkerurbanflats.com\/fr\/apartamentos\/#primaryimage","url":"https:\/\/parkerurbanflats.com\/wp-content\/uploads\/2021\/06\/PARKER-APARTAMENTOS-PORTADA.jpg","contentUrl":"https:\/\/parkerurbanflats.com\/wp-content\/uploads\/2021\/06\/PARKER-APARTAMENTOS-PORTADA.jpg","width":1170,"height":490},{"@type":"BreadcrumbList","@id":"https:\/\/parkerurbanflats.com\/fr\/apartamentos\/#breadcrumb","itemListElement":[{"@type":"ListItem","position":1,"name":"Portada","item":"https:\/\/parkerurbanflats.com\/fr\/"},{"@type":"ListItem","position":2,"name":"APPARTEMENTS"}]},{"@type":"WebSite","@id":"https:\/\/parkerurbanflats.com\/fr\/#website","url":"https:\/\/parkerurbanflats.com\/fr\/","name":"PARKER","description":"The Urban Flats","potentialAction":[{"@type":"SearchAction","target":{"@type":"EntryPoint","urlTemplate":"https:\/\/parkerurbanflats.com\/fr\/?s={search_term_string}"},"query-input":{"@type":"PropertyValueSpecification","valueRequired":true,"valueName":"search_term_string"}}],"inLanguage":"fr-FR"}]}},"_links":{"self":[{"href":"https:\/\/parkerurbanflats.com\/fr\/wp-json\/wp\/v2\/pages\/1474","targetHints":{"allow":["GET"]}}],"collection":[{"href":"https:\/\/parkerurbanflats.com\/fr\/wp-json\/wp\/v2\/pages"}],"about":[{"href":"https:\/\/parkerurbanflats.com\/fr\/wp-json\/wp\/v2\/types\/page"}],"author":[{"embeddable":true,"href":"https:\/\/parkerurbanflats.com\/fr\/wp-json\/wp\/v2\/users\/1"}],"replies":[{"embeddable":true,"href":"https:\/\/parkerurbanflats.com\/fr\/wp-json\/wp\/v2\/comments?post=1474"}],"version-history":[{"count":2,"href":"https:\/\/parkerurbanflats.com\/fr\/wp-json\/wp\/v2\/pages\/1474\/revisions"}],"predecessor-version":[{"id":1868,"href":"https:\/\/parkerurbanflats.com\/fr\/wp-json\/wp\/v2\/pages\/1474\/revisions\/1868"}],"wp:featuredmedia":[{"embeddable":true,"href":"https:\/\/parkerurbanflats.com\/fr\/wp-json\/wp\/v2\/media\/944"}],"wp:attachment":[{"href":"https:\/\/parkerurbanflats.com\/fr\/wp-json\/wp\/v2\/media?parent=1474"}],"curies":[{"name":"wp","href":"https:\/\/api.w.org\/{rel}","templated":true}]}}